{"id":7615,"date":"2021-11-26T17:41:33","date_gmt":"2021-11-26T14:41:33","guid":{"rendered":"https:\/\/alfa.web.tr\/murathokelek\/?page_id=7615"},"modified":"2024-02-01T16:17:12","modified_gmt":"2024-02-01T13:17:12","slug":"yayinlar","status":"publish","type":"page","link":"https:\/\/www.profdrmurathokelek.com\/en\/yayinlar\/","title":{"rendered":"Publications"},"content":{"rendered":"<p><strong>Original articles and reviews published in journals indexed by the Science Citation Index (SCI)<\/strong><\/p>\n<table width=\"100%\">\n<tbody>\n<tr>\n<td width=\"53\">1.<\/td>\n<td width=\"564\">Erzurumlu K, Hokelek M, Baris S, Sahin M, Birinci A, Amanvermez R, Tac K. Effect of albendazole sulfoxide solution on the scolices and the hepatobiliary system. Eur Surg Res. 1998;30(6):433-8<\/p>\n<p>&nbsp;<\/td>\n<\/tr>\n<tr>\n<td width=\"53\">2.<\/td>\n<td width=\"564\">Deger E, Hokelek M, Deger BA, Tutar E, Asil M, Pakdemirli E. A new therapeutic approach for the treatment of cystic echinococcosis: percutaneous albendazole sulphoxide injection without reaspiration. Am J Gastroenterol. 2000; 95(1):248-54<\/p>\n<p>&nbsp;<\/td>\n<\/tr>\n<tr>\n<td width=\"53\">3.<\/td>\n<td width=\"564\">Erzurumlu K, Hokelek M, Gonlusen L, Tas K, Amanvermez R. The effect of albendazole on the prevention of secondary hydatidosis. Hepatogastroenterology. 2000; 47(31):247-50<\/p>\n<p>&nbsp;<\/td>\n<\/tr>\n<tr>\n<td width=\"53\">4.<\/td>\n<td width=\"564\">Eroglu C, <strong>Hokelek M<\/strong>, Guneren E, Esen S, Pekbay A, Uysal OA. Bacterial Flora of Hirudo medicinalis and Their Antibiotic Sensitivities in the Middle Black Sea Region, Turkey. <strong>Ann Plast Surg.<\/strong> 2001;47(1):70-3.<\/p>\n<p>&nbsp;<\/td>\n<\/tr>\n<tr>\n<td width=\"53\">5.<\/td>\n<td width=\"564\">Sunbul M, Esen S, Leblebicioglu H, <strong>Hokelek M<\/strong>, Pekbay A, Eroglu C. Rattus Norvegicus acting as resorvoir of Leptospira interrogans in The Middle Black Sea Region of Turkey, as evidenced by polymerase chain reaction (PCR)\u00a0 and presence of serum antibodies to leptospira strain. <strong>Scandinavian Journal of Infectious Diseases<\/strong> 2001;33:896-898.<\/p>\n<p>&nbsp;<\/td>\n<\/tr>\n<tr>\n<td width=\"53\">6.<\/td>\n<td width=\"564\"><strong>Hokelek M<\/strong>, Deger BA, Deger E, Tutar E, Sunbul M. Ivermectin used in percutaneous drug injection method for the treatment of liver hydatid disease in sheep. <strong>Gastroenterology<\/strong>. 2002;122(4):957-62.<\/p>\n<p>&nbsp;<\/td>\n<\/tr>\n<tr>\n<td width=\"53\">7.<\/td>\n<td width=\"564\">Guven H, Altintop L, Baydin A, Esen S, Aygun D, <strong>Hokelek M<\/strong>, Doganay Z, Bek Y. Diagnostic value of procalcitonin levels as an early indicator of sepsis. <strong>Am J Emerg Med.<\/strong> 2002;20(3):202-6.<\/p>\n<p>&nbsp;<\/td>\n<\/tr>\n<tr>\n<td width=\"53\">8.<\/td>\n<td width=\"564\">Dervisoglu A, Erzurumlu K, Ta\u00e7 K, Arslan A, G\u00fcrsel M, <strong>H\u00f6kelek M<\/strong>. Should intraoperative ultrasonography be used routinely in hepatic hydatidosis? <strong>Hepatogastroenterology<\/strong>. 2002;49(47):1326-8.<\/p>\n<p>&nbsp;<\/td>\n<\/tr>\n<tr>\n<td width=\"53\">9.<\/td>\n<td width=\"564\"><strong>Hokelek M<\/strong>, Guven H, Belet U, Erzurumlu K, Guvenli A. A new experimental approach to develop unilocular cystic echinococcosis in rabbit livers. <strong>Helminthologia. <\/strong>2003; 40(3): 147-151<strong>\u00a0\u00a0<\/strong><\/p>\n<p><strong>\u00a0\u00a0\u00a0<\/strong><\/td>\n<\/tr>\n<tr>\n<td width=\"53\">10.<\/td>\n<td width=\"564\">Polat C, Dervisoglu A, <strong>Hokelek M<\/strong>, Yetim I, Buyukkarabacak Y, Ozkutuk Y, Erzurumlu K. Dual treatment of albendazole in hepatic hydatidosis: New therapeutic modality in 52 cases. <strong>J Gastroenterol Hepatol.<\/strong> 2005;20(3):421-5.<\/td>\n<\/tr>\n<tr>\n<td width=\"53\">11.<\/td>\n<td width=\"564\">Erzurumlu K, Dervisoglu A, Polat C, Senyurek G, Yetim I, <strong>Hokelek M<\/strong>. Intrabiliary rupture: an algorithm in the treatment of controversial complication of hepatic hydatidosis. <strong>World J Gastroenterol.<\/strong> 2005 28;11(16):2472-6.<\/p>\n<p>&nbsp;<\/td>\n<\/tr>\n<tr>\n<td width=\"53\">12.<\/td>\n<td width=\"564\">Yetim I, Erzurumlu K, <strong>Hokelek M<\/strong>, Baris S, Dervisoglu A, Polat C, Belet U, Buyukkarabacak Y, Guvenli A. Results of alcohol and albendazole injections in hepatic hydatidosis: experimental study. <strong>J Gastroenterol Hepatol. <\/strong>2005;20(9):1442-7.<\/p>\n<p>&nbsp;<\/td>\n<\/tr>\n<tr>\n<td width=\"53\">13.<\/td>\n<td width=\"564\">Dervisoglu A, Polat C, <strong>Hokelek M<\/strong>, Yetim I, Ozk\u00fct\u00fck Y, B\u00fcy\u00fckkarabacak Y, Erzurumlu K. Videolaparoscopic treatment of hepatic hydatid cyst. <strong>Hepatogastroenterology<\/strong>. 2005;52(65):1526-8.<\/p>\n<p><strong>\u00a0<\/strong><\/td>\n<\/tr>\n<tr>\n<td width=\"53\">14.<\/td>\n<td width=\"564\">Bedir, A., Aliyazicioglu, Y., Kahraman, H., Yurdakul, Z., Uysal, M., Suvaci, D. E., Okuyucu, A., <strong>H\u00f6kelek, M<\/strong>., &amp; Alvur, M. (2006). Genotoxicity in rats treated with the antidiabetic agent, rosiglitazone. <strong>Environmental and Molecular Mutagenesis,<\/strong> 47(9), 718\u2013724.<\/td>\n<\/tr>\n<tr>\n<td width=\"53\">15.<\/td>\n<td width=\"564\">Piskin, A., Gulbahar, M. Y., Tomak, Y., Gulman, B., <strong>Hokelek, M.,<\/strong> Kerimoglu, S., Koksal, B., Alic, T., &amp; Kabak, Y. B. (2007). Osteoarthritis models after anterior cruciate ligament resection and medial meniscectomy in rats. A histological and immunohistochemical study. <strong>Saudi Medical Journal<\/strong>, 28(12), 1796\u20131802<\/td>\n<\/tr>\n<tr>\n<td width=\"53\">16.<\/td>\n<td width=\"564\">Acici M, Babur C, Kilic S, <strong>Hokelek M<\/strong>, Kurt M. Prevalence of antibodies to Toxoplasma gondii infection in humans and domestic animals in Samsun province, Turkey. <strong>Trop Anim Health Prod.<\/strong> 2008;40(5):311-5.<\/p>\n<p><strong>\u00a0<\/strong><\/td>\n<\/tr>\n<tr>\n<td width=\"53\">17.<\/td>\n<td width=\"564\">Bedir, A., Aliyazicioglu, Y., Bilgici, B., Yurdakul, Z., Uysal, M., Suvaci, D. E., Okuyucu, A., Kahraman, H., <strong>H\u00f6kelek, M.,<\/strong> &amp; Alvur, M. (2008). Assessment of genotoxicity in rats treated with the antidiabetic agent, pioglitazone. <strong>Environmental and Molecular Mutagenesis<\/strong>, 49(3), 185\u2013191.<\/td>\n<\/tr>\n<tr>\n<td width=\"53\">18.<\/td>\n<td width=\"564\">Yetim, I., B\u00fcy\u00fckkarabacak, Y., Erzurumlu, K., Dervi\u015fo\u01e7lu, A., <strong>H<\/strong><strong>\u00f6<\/strong><strong>kelek, M<\/strong>., Bari\u015f, S., &#8230; Bek, Y.(2010). Praziquantel-dymethylsuifoxide solution: The side effect on hepato-biliary system (an experimental study) Praziquantel ve dimetil s\u00fclfoksit solusyonlar\u0131n\u0131n hepatobilyer sistem \u00fczerine etkileri (deneysel \u00e7al\u0131\u015fma). <strong>Journal of Clinical and Analytical Medicine<\/strong> , vol.1, 39-43.<\/td>\n<\/tr>\n<tr>\n<td width=\"53\">19.<\/td>\n<td width=\"564\">Altintop, L., Cakar, B., <strong>Hokelek, M<\/strong>., Bektas, A., Yildiz, L., &amp; Karaoglanoglu, M. (2010). Strongyloides stercoralis hyperinfection in a patient with rheumatoid arthritis and bronchial asthma: a case report. <strong>Annals Of Clinical Microbiology and Antimicrobials<\/strong>, 9, 27.<\/td>\n<\/tr>\n<tr>\n<td width=\"53\">20.<\/td>\n<td width=\"564\">Durgun Yetim, T., Basoglu, A., Taslak Sengul, A., Yetim, I., Serdar Bekdemir, O., &amp; <strong>Hokelek, M.<\/strong> (2011). Comparison of the protoscolocidal effectiveness of hypertonic saline, povidone-iodine and albendazole solutions in an experimental lung hydatid cyst model. <strong>The Journal Of International Medical Research<\/strong>, 39(4), 1230\u20131238.<\/td>\n<\/tr>\n<tr>\n<td width=\"53\">21.<\/td>\n<td width=\"564\">Acikgoz, Y., Ozkaya, O., Bek, K., Genc, G., Sensoy, S. G., &amp; <strong>Hokelek, M.<\/strong> (2012). Cryptosporidiosis: a rare and severe infection in a pediatric renal transplant recipient. <strong>Pediatric Transplantation,<\/strong> 16(4), E115\u2013E119.<\/td>\n<\/tr>\n<tr>\n<td width=\"53\">22.<\/td>\n<td width=\"564\">Gen\u00e7, G., \u00c7altepe, G., \u00d6zkaya, O., Nal\u00e7acio\u01e7lu, H., <strong>H<\/strong><strong>\u00f6<\/strong><strong>kelek, M.,<\/strong> &amp; Kalayci, A. G. , (2013). Helicobacter pylori infection in children on dialysis because of chronic renal failure. <strong>Haseki Tip Bulteni<\/strong> , vol.51, 1-4.<\/td>\n<\/tr>\n<tr>\n<td width=\"53\">23.<\/td>\n<td width=\"564\">Bilgin, M., Y\u0131ld\u0131r\u0131m, T., &amp; <strong>H\u00f6kelek, M.<\/strong> (2013). In Vitro Effects of Ivermectin and Sulphadiazine on Toxoplasma gondii. <strong>Balkan Medical Journal<\/strong>, 30(1), 19\u201322.<\/td>\n<\/tr>\n<tr>\n<td width=\"53\">24.<\/td>\n<td width=\"564\">Arslan, H. H. , Yavuz, O., Beyhan, Y. E. , Cenesiz, M., &amp; <strong>Hokelek, M.,<\/strong> (2014). The therapeutic effect of pour-on administered cypermethrin in Psoroptes cunuculi infestation in rabbits. <strong>Revue De Medecine Veterinaire<\/strong> , vol.165, 318-322.<\/td>\n<\/tr>\n<tr>\n<td width=\"53\">25.<\/td>\n<td width=\"564\">Genc, G., Okuyucu, A., Meydan, B. C., Yavuz, O., Nisbet, O., <strong>Hokelek, M<\/strong>., Bedir, A., &amp; Ozkaya, O. (2014). Effect of free creatine therapy on cisplatin-induced renal damage. <strong>Renal Failure<\/strong>, 36(7), 1108\u20131113.<\/td>\n<\/tr>\n<tr>\n<td width=\"53\">26.<\/td>\n<td width=\"564\">Leblebicioglu H, Eroglu C, Erciyas-Yavuz K, <strong>Hokelek M<\/strong>, Acici M, Yilmaz H. Role of migratory birds in spreading Crimean-Congo hemorrhagic fever, Turkey. <strong>Emerg Infect Dis.<\/strong> 2014;20(8):1331-1334.<\/td>\n<\/tr>\n<tr>\n<td width=\"53\">27.<\/td>\n<td width=\"564\">Pi\u015fkin A, Altunkaynak BZ, T\u00fcmentemur G, Kaplan S, Yaz\u0131c\u0131 OB, <strong>H\u00f6kelek M.<\/strong> The beneficial effects of Momordica charantia (bitter gourd) on wound healing of rabbit skin. <strong>J Dermatolog Treat.<\/strong> 2014;25(4):350-357.<\/td>\n<\/tr>\n<tr>\n<td width=\"53\">28.<\/td>\n<td width=\"564\">Tanyel E, Guler N, <strong>Hokelek M<\/strong>, Ulger F, Sunbul M. A case of severe babesiosis treated successfully with exchange transfusion. <strong>Int J Infect Dis.<\/strong> 2015;38:83-85.<\/td>\n<\/tr>\n<tr>\n<td width=\"53\">29.<\/td>\n<td width=\"564\">Unal, N., Yanik, K., Aydogdu, S., Eroglu, C., Gunaydin, M., &amp; <strong>Hokelek, M.,<\/strong> (2016). An evaluation of rotavirus and adenovirus antigens by the immunochromatographic method in samples with an initial diagnosis of acute gastroenteritis. <strong>Acta Medica Mediterranea<\/strong> , vol.32, 81-85.<\/td>\n<\/tr>\n<tr>\n<td width=\"53\">30.<\/td>\n<td width=\"564\">K\u00f6ksal Z\u015e, Yanik K, Bilgin K, Y\u0131lmaz EM, <strong>Hokelek M.<\/strong> In Vivo Efficacy of Drugs against Toxoplasma gondii Combined with Immunomodulators. <strong>Jpn J Infect Dis. <\/strong>2016;69(2):113-117.<\/td>\n<\/tr>\n<tr>\n<td width=\"53\">31.<\/td>\n<td width=\"564\">Bolukbas, C. S. , Pekmezci, G. Z. , Gurler, A. T. , Pekmezci, D., Guzel, M., <strong>Hokelek, M<\/strong>., Acici, M.(2016). Evidence of Leishmania spp. antibodies and DNA in dogs in the Middle Black Sea Region of Turkey. <strong>Ankara Universitesi Veteriner Fakultesi Dergisi,<\/strong>\u00a0 vol.63, 111-114.<\/td>\n<\/tr>\n<tr>\n<td width=\"53\">32.<\/td>\n<td width=\"564\">Beyhan YE, Yilmaz H, <strong>Hokelek M.<\/strong> Effects of acetic acid on the viability of Ascaris lumbricoides eggs. Is vinegar reliable enough to clean the vegetables?. <strong>Saudi Med J.<\/strong> 2016;37(3):288-292.<\/td>\n<\/tr>\n<tr>\n<td width=\"53\">33.<\/td>\n<td width=\"564\">Beyhan YE, Karakus M, Karagoz A, Mungan M, Ozkan AT, <strong>Hokelek M.<\/strong> Detection and identification of cutaneous leishmaniasis isolates by culture, Polymerase chain reaction and sequence analyses in Syrian and Central Anatolia patients. <strong>Saudi Med J.<\/strong> 2017;38(9):968-971.<\/td>\n<\/tr>\n<tr>\n<td width=\"53\">34.<\/td>\n<td width=\"564\">Bal\u0131k\u00e7\u0131, E., Gungor, N., Kolayl\u0131, F.,\u00a0 &amp; <strong>H\u00f6kelek, M<\/strong>., (2021). In Vitro Effect of Pelargonium sidoides on Promastigote Forms of Leishmania infantum and Leishmania tropica.\u00a0 <strong>Kafkas Universitesi Veteriner Fakultesi Dergisi<\/strong>, vol.27, no.1, 51-56.<\/td>\n<\/tr>\n<\/tbody>\n<\/table>\n<p>&nbsp;<\/p>\n<p><strong>Other publications in journals indexed by SCI (Science Citation Index) (editorial letters, case presentations, etc.)<\/strong><\/p>\n<table width=\"100%\">\n<tbody>\n<tr>\n<td width=\"53\">1.<\/td>\n<td width=\"564\">Atan A, Col C, Dolapci M, <strong>Hokelek M<\/strong>. A case of pure renal hydatid cyst without multiple organ involvement. <strong>Int Urol Nephrol. <\/strong>1997;29(1):1-4.<\/p>\n<p>&nbsp;<\/td>\n<\/tr>\n<tr>\n<td width=\"53\">2.<\/td>\n<td width=\"564\">Yildiz M, Basar M, <strong>Hokelek M<\/strong>, Basar H, Akalin Z. Scrotal myiasis. <strong>Br J Urol.<\/strong> 1997;80(3):493-4.<\/p>\n<p>&nbsp;<\/td>\n<\/tr>\n<tr>\n<td width=\"53\">3.<\/td>\n<td width=\"564\">Guneren E, <strong>Hokelek M<\/strong>, Eroglu C, Uysal OA. Re: Aeromonas species isolated from medicinal leeches. <strong>Ann Plast Surg.<\/strong> 2000;45(5):568-9.<\/p>\n<p>&nbsp;<\/td>\n<\/tr>\n<tr>\n<td width=\"53\">4.<\/td>\n<td width=\"564\">Guneren E, Eroglu L, Akbas H, Uysal OA, <strong>Hokelek M<\/strong>, Eroglu C. The use of Hirudo medicinalis in nipple-areolar congestion. <strong>Ann Plast Surg.<\/strong> 2000;45(6):679-81.<\/p>\n<p>&nbsp;<\/td>\n<\/tr>\n<tr>\n<td width=\"53\">5.<\/td>\n<td width=\"564\">Akbas H, <strong>Hokelek M<\/strong>, Guneren E, Eroglu L, Demir A, Eroglu C, Uysal OA. Can a tick mimic a pigmented skin lesion or melanoma? <strong>Ann Plast Surg.<\/strong> 2001;47(3):349-50.<\/p>\n<p><strong><em>\u00a0<\/em><\/strong><\/td>\n<\/tr>\n<tr>\n<td width=\"53\">6.<\/td>\n<td width=\"564\">Totan M, <strong>Hokelek M<\/strong>. Pneumonia associated with visceral leishmaniasis in childhood.<strong>J Trop Pediatr<\/strong>. 2003;49(1):61.<\/p>\n<p>&nbsp;<\/td>\n<\/tr>\n<tr>\n<td width=\"53\">7.<\/td>\n<td width=\"564\">Iyigun O, Uysal S, Sancak R, <strong>Hokelek M<\/strong>, Uyar Y, Bernay F, Ariturk E. Multiple organ involvement hydatid cysts in a 2-year-old boy. <strong>J Trop Pediatr.<\/strong> 2004;50(6):374-6.<\/p>\n<p><strong>\u00a0<\/strong><\/td>\n<\/tr>\n<tr>\n<td width=\"53\">8.<\/td>\n<td width=\"564\">Beden U, <strong>Hokelek M<\/strong>, Acici M, Umur S, Gungor I, Sullu Y. A case of orbital dirofilariasis in Northern Turkey. <strong>Ophthal Plast Reconstr Surg.<\/strong> 2007;23(4):329-31.<\/td>\n<\/tr>\n<tr>\n<td width=\"53\">9.<\/td>\n<td width=\"564\">Atmaca S, Cengel S, Gumussoy M, Kutlar G, Acici M, <strong>Hokelek M<\/strong>. Counting larvae in a farmer\u2019s ear: 23. <strong>Int Adv Otol.<\/strong> 2009; 5:(1) 18-21.<\/td>\n<\/tr>\n<\/tbody>\n<\/table>\n<p>&nbsp;<\/p>\n<p><strong>Original articles and reviews published in international journals indexed by indexes other than SCI (Science Citation Index)<\/strong><\/p>\n<table width=\"100%\">\n<tbody>\n<tr>\n<td width=\"53\">1.<\/td>\n<td width=\"564\"><strong>Hokelek M<\/strong>, Guneren E, Eroglu C. An experimental study to sterilize medicinal leeches. <strong>Eur J Plast Surg<\/strong> 2002; 25:81-85.<\/p>\n<p>&nbsp;<\/td>\n<\/tr>\n<tr>\n<td width=\"53\">2.<\/td>\n<td width=\"564\">Yetim I, B\u00fcy\u00fckkarabacak Y, Erzurumlu K, <strong>H\u00f6kelek M<\/strong>, Bar\u0131\u015f S, Bek Y. Praziquantel-Dymethylsuifoxide Solution: The Side Effect on Hepato-biliary System (An Experimental Study). <strong>J Clin Anal Med.<\/strong> 2010;1(3):39 -43<\/p>\n<p>&nbsp;<\/td>\n<\/tr>\n<\/tbody>\n<\/table>\n<p><strong>\u00a0<\/strong><\/p>\n<p><strong>Other publications published in international journals indexed by indexes other than SCI (Science Citation Index)<\/strong><\/p>\n<table width=\"100%\">\n<tbody>\n<tr>\n<td width=\"53\">1.<\/td>\n<td width=\"564\"><strong>Hokelek M<\/strong>, Akbas H, Guneren E, Eroglu L, Eroglu C, Acici M, Uyar Y. Myiasis infestation: a rare complication of decubitus ulcer. <strong>Eur J Plast Surg.<\/strong> (2002) 25: 32-34.<\/p>\n<p><strong>\u00a0<\/strong><\/td>\n<\/tr>\n<tr>\n<td width=\"53\">2.<\/td>\n<td width=\"564\">Altintop L, Cakar B, <strong>Hokelek M<\/strong>, Bektas A, Yildiz L, Karaoglanoglu M.<\/p>\n<p>Strongyloides stercoralis hyperinfection in a patient with rheumatoid arthritis and bronchial asthma: a case report. <strong>Ann Clin Microbiol Antimicrob.<\/strong> (2010) 20; 9: 27.<\/p>\n<p><strong>\u00a0<\/strong><\/td>\n<\/tr>\n<\/tbody>\n<\/table>\n<p>&nbsp;<\/p>\n<p><strong>Original articles and reviews published in national refereed journals<\/strong><\/p>\n<table width=\"100%\">\n<tbody>\n<tr>\n<td width=\"53\">1.<\/td>\n<td width=\"564\">S\u00fcnb\u00fcl M., H\u00f6kelek M., Tun\u00e7 \u015e. E.: Combined Antibiotic Therapy, Clinical Series Medical Journal, 1996, 6(2): 82-86.<\/p>\n<p>&nbsp;<\/td>\n<\/tr>\n<tr>\n<td width=\"53\">2.<\/td>\n<td width=\"564\">H\u00f6kelek M, Principles of Treatment in Common Parasitic Infections. Internal Medicine Bulletin, 1998, 3(1): 11-15<\/p>\n<p>&nbsp;<\/td>\n<\/tr>\n<tr>\n<td width=\"53\">3.<\/td>\n<td width=\"564\">H\u00f6kelek M, Basic practical laboratory methods used in the diagnosis of intestinal parasites-I. Prognoz, 1998; (1) 4: 247-250<\/p>\n<p>&nbsp;<\/td>\n<\/tr>\n<tr>\n<td width=\"53\">4.<\/td>\n<td width=\"564\">H\u00f6kelek M, Basic practical laboratory methods used in the diagnosis of intestinal parasites-II. Prognoz, 1998; (2) 1: 57-60<\/p>\n<p>&nbsp;<\/td>\n<\/tr>\n<tr>\n<td width=\"53\">5.<\/td>\n<td width=\"564\">H\u00f6kelek M., Birinci A., Akpolat T., Yenig\u00fcn A., Uyar Y. Prevalence of Toxoplasma Antibodies in Hemodialysis Patients. Turkish Journal of Parasitology, 1999; 23 (1); 13-14<\/p>\n<p>&nbsp;<\/td>\n<\/tr>\n<tr>\n<td width=\"53\">6.<\/td>\n<td width=\"564\">H\u00f6kelek M., Erzurumlu K., Uyar Y., Birinci A. The Effect of Praziquantel as a Scolisidal Agent on Echinococcus granulosus Protoscolexes. Turkish Journal of Hygiene and Experimental Biology, 1999; 56(3); 129-134<\/p>\n<p>&nbsp;<\/td>\n<\/tr>\n<tr>\n<td width=\"53\">7.<\/td>\n<td width=\"564\">H\u00f6kelek M, Kahraman H, Uyar Y, Havuz SG. Seroprevalence of Toxoplasma Antibodies in Patients with Type-II Diabetes Mellitus. Clinical Sciences and Medicine, 2000; 6 (3);302-304<\/p>\n<p>&nbsp;<\/td>\n<\/tr>\n<tr>\n<td width=\"53\">8.<\/td>\n<td width=\"564\">H\u00f6kelek M., Uyar Y., G\u00fcnayd\u0131n M., \u00c7etin M. Investigation of Seroprevalence of Toxoplasma Antibodies in Samsun Region. Ondokuz May\u0131s University Medical Journal, 2000,17(1); 50-55.<\/p>\n<p>&nbsp;<\/td>\n<\/tr>\n<tr>\n<td width=\"53\">9.<\/td>\n<td width=\"564\">H\u00f6kelek M., Ero\u011flu C., Uyar Y., Sancak R., K\u0131l\u0131n\u00e7 M. Investigation of the Effect of Intestinal Parasites on Weight and Height Persentile Values in Primary School Children. Turkish Journal of Parasitology, 2000; 24(1):43-46.<\/p>\n<p>&nbsp;<\/td>\n<\/tr>\n<tr>\n<td width=\"53\">10.<\/td>\n<td width=\"564\">H\u00f6kelek M, De\u011fer E, Erzurumlu K, Uyar Y: In vitro effect of ivermectin on Echinococus granulosus protoscolexes. Turkish Journal of Parasitology 2000; 24(2):139-142.<\/p>\n<p>&nbsp;<\/td>\n<\/tr>\n<tr>\n<td width=\"53\">11.<\/td>\n<td width=\"564\">H\u00f6kelek M, Uyar Y, Erzurumlu K: Investigation of the efficacy of Albendazole Sulfoxide solution on the viability of Echinococus granulosus protoscolexes. Turkish Journal of Parasitology 2001; 25(1):41-44.<\/p>\n<p>&nbsp;<\/td>\n<\/tr>\n<tr>\n<td width=\"53\">12.<\/td>\n<td width=\"564\">H\u00f6kelek M, De\u011fer E, Erzurumlu K, Uyar Y: In vitro effect of ivermectin on Echinococus granulosus protoscolexes. Turkish Journal of Parasitology 2000; 24(2):139-142.<\/p>\n<p>&nbsp;<\/td>\n<\/tr>\n<tr>\n<td width=\"53\">13.<\/td>\n<td width=\"564\">H\u00f6kelek M, Uyar Y, Erzurumlu K: Investigation of the efficacy of Albendazole Sulfoxide solution on the viability of Echinococus granulosus protoscolexes. Turkish Journal of Parasitology 2001; 25(1):41-44.<\/p>\n<p>&nbsp;<\/td>\n<\/tr>\n<tr>\n<td width=\"53\">14.<\/td>\n<td width=\"564\">H\u00f6kelek M, Erzurumlu K, Uyar Y, G\u00fcvenli A: Comparison of two experimental Cystic Echinococcosis induction methods in BALB\/c strain mice. Turkish Journal of Parasitology 2001; 25(2): 142-144.<\/p>\n<p>&nbsp;<\/td>\n<\/tr>\n<tr>\n<td width=\"53\">15.<\/td>\n<td width=\"564\">Ero\u011flu C, H\u00f6kelek M, G\u00fcneren E, S\u00fcnb\u00fcl M, Aydo\u011fan S, Uysal OA. Antibiotic susceptibilities of Aeromonas hydrophila isolated from leeches (Hirudo medicinalis) used in plastic surgery. ANKEM Journal 2000; 14(5):551-54.<\/p>\n<p>&nbsp;<\/td>\n<\/tr>\n<tr>\n<td width=\"53\">16.<\/td>\n<td width=\"564\">H\u00f6kelek M, Uyar Y, G\u00fcnayd\u0131n M, Toka\u00e7 MS, Ero\u011flu C: Investigation of Toxoplasma antibodies in cancer patients receiving chemotherapy. Turkish Journal of Parasitology 2001; 25(3): 217-219<\/p>\n<p>&nbsp;<\/td>\n<\/tr>\n<tr>\n<td width=\"53\">17.<\/td>\n<td width=\"564\">H\u00f6kelek M, K\u0131l\u0131n\u00e7 M, Ert\u00fcrk M, Uyar Y: Production of Toxoplasma gondii in human amnion cell culture. Turkish Journal of Parasitology 2001; 25(4): 323-325<\/p>\n<p>&nbsp;<\/td>\n<\/tr>\n<tr>\n<td width=\"53\">18.<\/td>\n<td width=\"564\">H\u00f6kelek M, Kul O, Altintas K, Haziroglu R: Pathologic Findings in Experimental Toxoplasmosis. Turkish Journal of Parasitology 2002; 26 (1): 17-19<\/p>\n<p>&nbsp;<\/td>\n<\/tr>\n<tr>\n<td width=\"53\">19.<\/td>\n<td width=\"564\">Bayramoglu G, Esen \u015e, Belet N, H\u00f6kelek M, Karada\u011f A, G\u00fcnayd\u0131n M. Colonization with resistant bacteria and parasite investigation in neonatal service personnel. ANKEM Journal 2002; 16 (1): 44-47<\/p>\n<p>&nbsp;<\/td>\n<\/tr>\n<tr>\n<td width=\"53\">20.<\/td>\n<td width=\"564\">Bek Y, G\u00fcneren E, H\u00f6kelek M. Determination of effective sample size and selection of appropriate statistical method. Turkish Journal of Plastic Surgery, 2002, 10(2): 98-105<\/p>\n<p>&nbsp;<\/td>\n<\/tr>\n<tr>\n<td width=\"53\">21.<\/td>\n<td width=\"564\">T\u00f6z, S.\u00d6., \u00d6zbel, Y., Atay, M.G., Ertabaklar, H., \u015eakru, N., \u00d6zkan, A.T., H\u00f6kelek, M. Application of polymerase chain reaction (PCR) for the diagnosis of leishmaniasis in clinical samples from humans and dogs. Turkish Journal of Parasitology 2002; 26 (3): 239-244<\/p>\n<p>&nbsp;<\/td>\n<\/tr>\n<tr>\n<td width=\"53\">22.<\/td>\n<td width=\"564\">Do\u011fruman Al F, H\u00f6kelek M. Is Blastocystis hominis an opportunistic pathogen? Turkish Journal of Parasitology. 2007;31(1):28-36<\/p>\n<p>&nbsp;<\/td>\n<\/tr>\n<tr>\n<td width=\"53\">23.<\/td>\n<td width=\"564\">Ekmen MC, Hepsert AS, Yan\u0131k K, Acuner \u0130\u00c7, G\u00fcnayd\u0131n M, H\u00f6kelek M. Retrospective evaluation of Helicobacter pylori positivity by stool-antigen ELISA in patients with gastroduedonal complaints. Turkish Journal of Hygiene and Experimental Biology, 2007; 64(1); 6-10<\/p>\n<p>&nbsp;<\/td>\n<\/tr>\n<tr>\n<td width=\"53\">24.<\/td>\n<td width=\"564\">Yazar S, \u00d6zkan AT, H\u00f6kelek M, Polat E, Yilmaz H, Ozb\u0131lge H, Ust\u00fcn S, Kolta\u015f IS, Ertek M, Sakru N, Alver O, Cet\u0131nkaya Z, Ko\u00e7 Z, Dem\u0131rc\u0131 M, Akta\u015f H, Parsak CK, Ozerdem D, Sakman G, Ceng\u0131z ZT, Ozer A, Kekl\u0131k K, Yemen\u0131c\u0131 N, Turan M, Dastan A, Kaya E, Tamer GS, G\u0131rg\u0131nkarde\u015fler N, Turk M, Sinirta\u015f M, Evc\u0131 C, Kili\u00e7turgay S, Mutlu F, Arti\u015f T. Cystic Echinococcosis in Turkey between 2001-2005. Turkish Journal of Parasitology. 2008;32(3):208-220.<\/p>\n<p>&nbsp;<\/td>\n<\/tr>\n<tr>\n<td width=\"53\">25.<\/td>\n<td width=\"564\">Arslan HH, A\u00e7\u0131c\u0131 M, Umur S, H\u00f6kelek M. Psoroptes cuniculi infestation in four rabbits and its treatment with ivermectin. Turkish Journal of Parasitology. 2008;32(3):244-6.<\/p>\n<p>&nbsp;<\/td>\n<\/tr>\n<\/tbody>\n<\/table>\n<p>&nbsp;<\/p>\n<p><strong>Other publications in national refereed journals (letter to the editor, case report, etc.)<\/strong><\/p>\n<table width=\"100%\">\n<tbody>\n<tr>\n<td width=\"53\">1.<\/td>\n<td width=\"564\">T\u00fcrkkan \u0130., Tetik A., H\u00f6kelek M., Yandakc\u0131 K., Aran Y.: A report of two cases of liver resection due to Echinococcus multilocularis, Klinik Seriler T\u0131p Dergisi, 1996; 6 (2) : 105-106.<\/p>\n<p>&nbsp;<\/td>\n<\/tr>\n<tr>\n<td width=\"53\">2.<\/td>\n<td width=\"564\">H\u00f6kelek M, S\u00fcnb\u00fcl M, Kaya N. Entamoeba histolytica and Strongyloides stercoralis infection in a patient with ulcerative colitis. Flora 1998;3(4):263-66.<\/p>\n<p>&nbsp;<\/td>\n<\/tr>\n<tr>\n<td width=\"53\">3.<\/td>\n<td width=\"564\">H\u00f6kelek M, Ero\u011flu C, Uyar Y, \u00c7etinkaya MC, Da\u011fdemir A, Leblebicio\u011flu H: Two cases of Plasmodium vivax with multiple trophozoites in erythrocytes. Turkish Journal of Parasitology 2001; 25(3): 226-228.<\/p>\n<p>&nbsp;<\/td>\n<\/tr>\n<tr>\n<td width=\"53\">4.<\/td>\n<td width=\"564\">Ero\u011flu C, Esen \u015e, H\u00f6kelek M, S\u00fcnb\u00fcl M, \u015eencan \u0130, \u00d6zt\u00fcrk R, Leblebicio\u011flu H. A case of lyme meningitis characterized by meningitis and encephalitis findings. Infeksiyon Derg. 2002; 16(2): 225-228<\/p>\n<p>&nbsp;<\/td>\n<\/tr>\n<\/tbody>\n<\/table>\n<p>&nbsp;<\/p>\n","protected":false},"excerpt":{"rendered":"<p>Original articles and reviews published in journals indexed by the Science Citation Index (SCI) 1. Erzurumlu K, Hokelek M, Baris [&hellip;]<\/p>\n","protected":false},"author":1,"featured_media":0,"parent":0,"menu_order":0,"comment_status":"closed","ping_status":"closed","template":"","meta":[],"_links":{"self":[{"href":"https:\/\/www.profdrmurathokelek.com\/en\/wp-json\/wp\/v2\/pages\/7615"}],"collection":[{"href":"https:\/\/www.profdrmurathokelek.com\/en\/wp-json\/wp\/v2\/pages"}],"about":[{"href":"https:\/\/www.profdrmurathokelek.com\/en\/wp-json\/wp\/v2\/types\/page"}],"author":[{"embeddable":true,"href":"https:\/\/www.profdrmurathokelek.com\/en\/wp-json\/wp\/v2\/users\/1"}],"replies":[{"embeddable":true,"href":"https:\/\/www.profdrmurathokelek.com\/en\/wp-json\/wp\/v2\/comments?post=7615"}],"version-history":[{"count":11,"href":"https:\/\/www.profdrmurathokelek.com\/en\/wp-json\/wp\/v2\/pages\/7615\/revisions"}],"predecessor-version":[{"id":7756,"href":"https:\/\/www.profdrmurathokelek.com\/en\/wp-json\/wp\/v2\/pages\/7615\/revisions\/7756"}],"wp:attachment":[{"href":"https:\/\/www.profdrmurathokelek.com\/en\/wp-json\/wp\/v2\/media?parent=7615"}],"curies":[{"name":"wp","href":"https:\/\/api.w.org\/{rel}","templated":true}]}}